{"id":155,"date":"2020-07-20T17:22:49","date_gmt":"2020-07-20T17:22:49","guid":{"rendered":"https:\/\/gloube.pinecode.dk\/pluto\/?page_id=155"},"modified":"2026-03-16T10:47:05","modified_gmt":"2026-03-16T09:47:05","slug":"front","status":"publish","type":"page","link":"https:\/\/restaurantgorilla.dk\/en\/","title":{"rendered":"RESTAURANT <span class=\"small-word\">&#038;<\/span> BAR"},"content":{"rendered":"\n<p><\/p>\n\n\n\n<p class=\"has-text-align-center\">Welcome to the lively and informal settings in one of the many locations at K\u00f8dbyen and in the middle of the always lively and experimental Vesterbro. The restaurant is located at the corner of Fl\u00e6sketorvet, with a large outdoor area where our guests may enjoy all the offerings of the menu card family style and the well mixed pitchers from the bar. Dishes to share, cocktails, high quality ingredients, eye for details, industrial d\u00e9cor and staff that is always welcoming provide the setting of our restaurant.<\/p>\n\n\n\n<p class=\"has-text-align-center\">At Gorilla we create dishes that complement each other and where the flavors of one dish evokes the flavors in the following. We strive towards creating dining experiences in less formal settings that our guests wish to gather for, and that is worth to tell friends, family and colleagues about.<\/p>\n\n\n\n<p class=\"has-text-align-center\">Gorilla Bar starts the party together with the rest of K\u00f8dbyen and during the weekend you can experience the house DJ set the settings for a festive evening until two in the night.<\/p>\n\n\n\n<p class=\"has-text-align-center\">Book a table online and follow us on Instagram, if you wish to stay updated on everything from the cocktail card to various pictures from K\u00f8dbyen.<\/p>\n\n\n\n<div style=\"height:100px\" aria-hidden=\"true\" class=\"wp-block-spacer\"><\/div>\n\n\n\n<p class=\"has-text-align-center\">FL\u00c6SKETORVET 63<br>K\u00d8DBYEN<br>1711 K\u00d8BENHAVN V<br>TELEFON +45 3333 8330<br>EMAIL&nbsp;<a href=\"mailto:INFO@RESTAURANTGORILLA.DK\">INFO@RESTAURANTGORILLA.DK<\/a><\/p>\n\n\n\n\t\t\t<form action=\"\" method=\"post\" id=\"\" class=\"pcform_subscribtion_form subscribe-form\">\n\t\t\t<p class=\"subscribe-form-title\">Subscribe<\/p>\n\t\t\t<div class=\"subscribe-form-input-container\">\n\t\t\t<input class=\"subscribe-form-input\" type=\"email\" placeholder=\"Email*\" name=\"email\" \/>\n\t\t\t<input type=\"hidden\" name=\"action\" value=\"pcform_handle_submit\" \/>\n\t\t\t<input type=\"hidden\" name=\"restaurant\" value=\"Gorilla\" \/>\n\t\t\t<button class=\"subscribe-form-submit\" type=\"submit\"><span class=\"fal fa-arrow-right\"><\/span><\/button>\n\t\t\t<\/div>\n\t\t\t<\/form>\n\t\t\t\n","protected":false},"excerpt":{"rendered":"<p>Welcome to the lively and informal settings in one of the many locations at K\u00f8dbyen and in the middle of the always lively and experimental Vesterbro. The restaurant is located at the corner of Fl\u00e6sketorvet, with a large outdoor area where our guests may enjoy all the offerings of the menu card family style and [&hellip;]<\/p>\n","protected":false},"author":1,"featured_media":4234,"parent":0,"menu_order":0,"comment_status":"closed","ping_status":"closed","template":"template-page-medium.php","meta":{"_acf_changed":false,"footnotes":""},"class_list":["post-155","page","type-page","status-publish","has-post-thumbnail","hentry"],"acf":[],"_links":{"self":[{"href":"https:\/\/restaurantgorilla.dk\/en\/wp-json\/wp\/v2\/pages\/155","targetHints":{"allow":["GET"]}}],"collection":[{"href":"https:\/\/restaurantgorilla.dk\/en\/wp-json\/wp\/v2\/pages"}],"about":[{"href":"https:\/\/restaurantgorilla.dk\/en\/wp-json\/wp\/v2\/types\/page"}],"author":[{"embeddable":true,"href":"https:\/\/restaurantgorilla.dk\/en\/wp-json\/wp\/v2\/users\/1"}],"replies":[{"embeddable":true,"href":"https:\/\/restaurantgorilla.dk\/en\/wp-json\/wp\/v2\/comments?post=155"}],"version-history":[{"count":7,"href":"https:\/\/restaurantgorilla.dk\/en\/wp-json\/wp\/v2\/pages\/155\/revisions"}],"predecessor-version":[{"id":5340,"href":"https:\/\/restaurantgorilla.dk\/en\/wp-json\/wp\/v2\/pages\/155\/revisions\/5340"}],"wp:featuredmedia":[{"embeddable":true,"href":"https:\/\/restaurantgorilla.dk\/en\/wp-json\/wp\/v2\/media\/4234"}],"wp:attachment":[{"href":"https:\/\/restaurantgorilla.dk\/en\/wp-json\/wp\/v2\/media?parent=155"}],"curies":[{"name":"wp","href":"https:\/\/api.w.org\/{rel}","templated":true}]}}